{"id":118,"date":"2020-11-27T16:15:45","date_gmt":"2020-11-27T19:15:45","guid":{"rendered":"https:\/\/www.acifas.com.br\/?page_id=118"},"modified":"2021-02-10T13:23:02","modified_gmt":"2021-02-10T16:23:02","slug":"galeria-de-fotos","status":"publish","type":"page","link":"https:\/\/www.acifas.com.br\/?page_id=118","title":{"rendered":"Galeria de Fotos"},"content":{"rendered":"\t\t<div data-elementor-type=\"wp-page\" data-elementor-id=\"118\" class=\"elementor elementor-118\">\n\t\t\t\t\t\t\t\t\t<section class=\"elementor-section elementor-top-section elementor-element elementor-element-0a0fd65 elementor-section-boxed elementor-section-height-default elementor-section-height-default\" data-id=\"0a0fd65\" data-element_type=\"section\">\n\t\t\t\t\t\t<div class=\"elementor-container elementor-column-gap-default\">\n\t\t\t\t\t<div class=\"elementor-column elementor-col-100 elementor-top-column elementor-element elementor-element-5be2b8d\" data-id=\"5be2b8d\" data-element_type=\"column\">\n\t\t\t<div class=\"elementor-widget-wrap elementor-element-populated\">\n\t\t\t\t\t\t\t\t<div class=\"elementor-element elementor-element-1ec5729 elementor-widget elementor-widget-elementskit-blog-posts\" data-id=\"1ec5729\" data-element_type=\"widget\" data-widget_type=\"elementskit-blog-posts.default\">\n\t\t\t\t<div class=\"elementor-widget-container\">\n\t\t\t<div class=\"ekit-wid-con\" >        <div id=\"post-items--1ec5729\" class=\"row post-items\">\n                    <div class=\"col-md-12\">\n\n                                    <div class=\"elementskit-blog-block-post\">\n                        <div class=\"row no-gutters\">\n                                                            <div class=\"col-md-6 order-1\">\n                                    <a href=\"https:\/\/www.acifas.com.br\/?p=926\" class=\"elementskit-entry-thumb\">\n                                        <img decoding=\"async\" src=\"https:\/\/www.acifas.com.br\/wp-content\/uploads\/2020\/12\/a-1.jpg\" alt=\"Eventos da ACIFAS\">\n                                    <\/a><!-- .elementskit-entry-thumb END -->\n                                <\/div>\n                            \n                            <div class=\"col-md-6 order-2\">\n                                <div class=\"elementskit-post-body \">\n                                    <div class=\"elementskit-entry-header\">\n                                        \n                                                                                            \t\t\t\t\t                                            \n                                            \n                                                                                            \t\t\t\t<h2 class=\"entry-title\">\n\t\t\t\t\t<a href=\"https:\/\/www.acifas.com.br\/?p=926\">\n\t\t\t\t\t\tEventos da ACIFAS\t\t\t\t\t<\/a>\n\t\t\t\t<\/h2>\n\t\t\t                                                                                <\/div><!-- .elementskit-entry-header END -->\n\n                                                                            <div class=\"elementskit-post-footer\">\n                                                                                                                                                                                                                            <\/div><!-- .elementskit-post-footer END -->\n                                                                    <\/div><!-- .elementskit-post-body END -->\n                            <\/div>\n                        <\/div>\n                    <\/div><!-- .elementskit-blog-block-post .radius .gradient-bg END -->\n                \n            <\/div>\n                <\/div>\n       <\/div>\t\t<\/div>\n\t\t\t\t<\/div>\n\t\t\t\t\t<\/div>\n\t\t<\/div>\n\t\t\t\t\t\t\t<\/div>\n\t\t<\/section>\n\t\t\t\t\t\t\t<\/div>\n\t\t","protected":false},"excerpt":{"rendered":"<p>Eventos da ACIFAS<\/p>\n","protected":false},"author":1,"featured_media":0,"parent":0,"menu_order":0,"comment_status":"closed","ping_status":"closed","template":"page-templates\/template-pagebuilder-full-width.php","meta":{"neve_meta_sidebar":"","neve_meta_container":"","neve_meta_enable_content_width":"","neve_meta_content_width":0,"neve_meta_title_alignment":"","neve_meta_author_avatar":"","neve_post_elements_order":"","neve_meta_disable_header":"","neve_meta_disable_footer":"","neve_meta_disable_title":"","_ti_tpc_template_sync":false,"_ti_tpc_template_id":"","footnotes":""},"class_list":["post-118","page","type-page","status-publish","hentry"],"yoast_head":"<!-- This site is optimized with the Yoast SEO plugin v21.1 - https:\/\/yoast.com\/wordpress\/plugins\/seo\/ -->\n<title>Galeria de Fotos - Associa\u00e7\u00e3o Comercial e Industrial de F\u00e1tima do Sul<\/title>\n<meta name=\"robots\" content=\"index, follow, max-snippet:-1, max-image-preview:large, max-video-preview:-1\" \/>\n<link rel=\"canonical\" href=\"https:\/\/www.acifas.com.br\/?page_id=118\" \/>\n<meta property=\"og:locale\" content=\"pt_BR\" \/>\n<meta property=\"og:type\" content=\"article\" \/>\n<meta property=\"og:title\" content=\"Galeria de Fotos - Associa\u00e7\u00e3o Comercial e Industrial de F\u00e1tima do Sul\" \/>\n<meta property=\"og:description\" content=\"Eventos da ACIFAS\" \/>\n<meta property=\"og:url\" content=\"https:\/\/www.acifas.com.br\/?page_id=118\" \/>\n<meta property=\"og:site_name\" content=\"Associa\u00e7\u00e3o Comercial e Industrial de F\u00e1tima do Sul\" \/>\n<meta property=\"article:publisher\" content=\"https:\/\/www.facebook.com\/acifas.fsul\" \/>\n<meta property=\"article:modified_time\" content=\"2021-02-10T16:23:02+00:00\" \/>\n<meta property=\"og:image\" content=\"https:\/\/www.acifas.com.br\/wp-content\/uploads\/2020\/12\/a-1.jpg\" \/>\n<meta name=\"twitter:card\" content=\"summary_large_image\" \/>\n<script type=\"application\/ld+json\" class=\"yoast-schema-graph\">{\"@context\":\"https:\/\/schema.org\",\"@graph\":[{\"@type\":\"WebPage\",\"@id\":\"https:\/\/www.acifas.com.br\/?page_id=118\",\"url\":\"https:\/\/www.acifas.com.br\/?page_id=118\",\"name\":\"Galeria de Fotos - Associa\u00e7\u00e3o Comercial e Industrial de F\u00e1tima do Sul\",\"isPartOf\":{\"@id\":\"https:\/\/www.acifas.com.br\/#website\"},\"datePublished\":\"2020-11-27T19:15:45+00:00\",\"dateModified\":\"2021-02-10T16:23:02+00:00\",\"breadcrumb\":{\"@id\":\"https:\/\/www.acifas.com.br\/?page_id=118#breadcrumb\"},\"inLanguage\":\"pt-BR\",\"potentialAction\":[{\"@type\":\"ReadAction\",\"target\":[\"https:\/\/www.acifas.com.br\/?page_id=118\"]}]},{\"@type\":\"BreadcrumbList\",\"@id\":\"https:\/\/www.acifas.com.br\/?page_id=118#breadcrumb\",\"itemListElement\":[{\"@type\":\"ListItem\",\"position\":1,\"name\":\"In\u00edcio\",\"item\":\"https:\/\/www.acifas.com.br\/\"},{\"@type\":\"ListItem\",\"position\":2,\"name\":\"Galeria de Fotos\"}]},{\"@type\":\"WebSite\",\"@id\":\"https:\/\/www.acifas.com.br\/#website\",\"url\":\"https:\/\/www.acifas.com.br\/\",\"name\":\"Associa\u00e7\u00e3o Comercial e Industrial de F\u00e1tima do Sul\",\"description\":\"Associa\u00e7\u00e3o Comercial e Industrial de F\u00e1tima do Sul\",\"publisher\":{\"@id\":\"https:\/\/www.acifas.com.br\/#organization\"},\"potentialAction\":[{\"@type\":\"SearchAction\",\"target\":{\"@type\":\"EntryPoint\",\"urlTemplate\":\"https:\/\/www.acifas.com.br\/?s={search_term_string}\"},\"query-input\":\"required name=search_term_string\"}],\"inLanguage\":\"pt-BR\"},{\"@type\":\"Organization\",\"@id\":\"https:\/\/www.acifas.com.br\/#organization\",\"name\":\"ACIFAS\",\"url\":\"https:\/\/www.acifas.com.br\/\",\"logo\":{\"@type\":\"ImageObject\",\"inLanguage\":\"pt-BR\",\"@id\":\"https:\/\/www.acifas.com.br\/#\/schema\/logo\/image\/\",\"url\":\"https:\/\/www.acifas.com.br\/wp-content\/uploads\/2020\/12\/logoACIFAS.png\",\"contentUrl\":\"https:\/\/www.acifas.com.br\/wp-content\/uploads\/2020\/12\/logoACIFAS.png\",\"width\":176,\"height\":115,\"caption\":\"ACIFAS\"},\"image\":{\"@id\":\"https:\/\/www.acifas.com.br\/#\/schema\/logo\/image\/\"},\"sameAs\":[\"https:\/\/www.facebook.com\/acifas.fsul\"]}]}<\/script>\n<!-- \/ Yoast SEO plugin. -->","yoast_head_json":{"title":"Galeria de Fotos - Associa\u00e7\u00e3o Comercial e Industrial de F\u00e1tima do Sul","robots":{"index":"index","follow":"follow","max-snippet":"max-snippet:-1","max-image-preview":"max-image-preview:large","max-video-preview":"max-video-preview:-1"},"canonical":"https:\/\/www.acifas.com.br\/?page_id=118","og_locale":"pt_BR","og_type":"article","og_title":"Galeria de Fotos - Associa\u00e7\u00e3o Comercial e Industrial de F\u00e1tima do Sul","og_description":"Eventos da ACIFAS","og_url":"https:\/\/www.acifas.com.br\/?page_id=118","og_site_name":"Associa\u00e7\u00e3o Comercial e Industrial de F\u00e1tima do Sul","article_publisher":"https:\/\/www.facebook.com\/acifas.fsul","article_modified_time":"2021-02-10T16:23:02+00:00","og_image":[{"url":"https:\/\/www.acifas.com.br\/wp-content\/uploads\/2020\/12\/a-1.jpg"}],"twitter_card":"summary_large_image","schema":{"@context":"https:\/\/schema.org","@graph":[{"@type":"WebPage","@id":"https:\/\/www.acifas.com.br\/?page_id=118","url":"https:\/\/www.acifas.com.br\/?page_id=118","name":"Galeria de Fotos - Associa\u00e7\u00e3o Comercial e Industrial de F\u00e1tima do Sul","isPartOf":{"@id":"https:\/\/www.acifas.com.br\/#website"},"datePublished":"2020-11-27T19:15:45+00:00","dateModified":"2021-02-10T16:23:02+00:00","breadcrumb":{"@id":"https:\/\/www.acifas.com.br\/?page_id=118#breadcrumb"},"inLanguage":"pt-BR","potentialAction":[{"@type":"ReadAction","target":["https:\/\/www.acifas.com.br\/?page_id=118"]}]},{"@type":"BreadcrumbList","@id":"https:\/\/www.acifas.com.br\/?page_id=118#breadcrumb","itemListElement":[{"@type":"ListItem","position":1,"name":"In\u00edcio","item":"https:\/\/www.acifas.com.br\/"},{"@type":"ListItem","position":2,"name":"Galeria de Fotos"}]},{"@type":"WebSite","@id":"https:\/\/www.acifas.com.br\/#website","url":"https:\/\/www.acifas.com.br\/","name":"Associa\u00e7\u00e3o Comercial e Industrial de F\u00e1tima do Sul","description":"Associa\u00e7\u00e3o Comercial e Industrial de F\u00e1tima do Sul","publisher":{"@id":"https:\/\/www.acifas.com.br\/#organization"},"potentialAction":[{"@type":"SearchAction","target":{"@type":"EntryPoint","urlTemplate":"https:\/\/www.acifas.com.br\/?s={search_term_string}"},"query-input":"required name=search_term_string"}],"inLanguage":"pt-BR"},{"@type":"Organization","@id":"https:\/\/www.acifas.com.br\/#organization","name":"ACIFAS","url":"https:\/\/www.acifas.com.br\/","logo":{"@type":"ImageObject","inLanguage":"pt-BR","@id":"https:\/\/www.acifas.com.br\/#\/schema\/logo\/image\/","url":"https:\/\/www.acifas.com.br\/wp-content\/uploads\/2020\/12\/logoACIFAS.png","contentUrl":"https:\/\/www.acifas.com.br\/wp-content\/uploads\/2020\/12\/logoACIFAS.png","width":176,"height":115,"caption":"ACIFAS"},"image":{"@id":"https:\/\/www.acifas.com.br\/#\/schema\/logo\/image\/"},"sameAs":["https:\/\/www.facebook.com\/acifas.fsul"]}]}},"_links":{"self":[{"href":"https:\/\/www.acifas.com.br\/index.php?rest_route=\/wp\/v2\/pages\/118","targetHints":{"allow":["GET"]}}],"collection":[{"href":"https:\/\/www.acifas.com.br\/index.php?rest_route=\/wp\/v2\/pages"}],"about":[{"href":"https:\/\/www.acifas.com.br\/index.php?rest_route=\/wp\/v2\/types\/page"}],"author":[{"embeddable":true,"href":"https:\/\/www.acifas.com.br\/index.php?rest_route=\/wp\/v2\/users\/1"}],"replies":[{"embeddable":true,"href":"https:\/\/www.acifas.com.br\/index.php?rest_route=%2Fwp%2Fv2%2Fcomments&post=118"}],"version-history":[{"count":13,"href":"https:\/\/www.acifas.com.br\/index.php?rest_route=\/wp\/v2\/pages\/118\/revisions"}],"predecessor-version":[{"id":4145,"href":"https:\/\/www.acifas.com.br\/index.php?rest_route=\/wp\/v2\/pages\/118\/revisions\/4145"}],"wp:attachment":[{"href":"https:\/\/www.acifas.com.br\/index.php?rest_route=%2Fwp%2Fv2%2Fmedia&parent=118"}],"curies":[{"name":"wp","href":"https:\/\/api.w.org\/{rel}","templated":true}]}}