{"id":656,"date":"2019-07-16T21:00:18","date_gmt":"2019-07-16T21:00:18","guid":{"rendered":"https:\/\/demosites.io\/fitness\/?page_id=50"},"modified":"2024-04-30T15:08:27","modified_gmt":"2024-04-30T18:08:27","slug":"03a0b-fitness-blog","status":"publish","type":"page","link":"https:\/\/www.acifas.com.br\/?page_id=656","title":{"rendered":"Not\u00edcias"},"content":{"rendered":"\n<div class=\"wp-block-themeisle-blocks-advanced-columns has-undefined-columns has-desktop-undefined-layout has-tablet-equal-layout has-mobile-equal-layout has-default-gap has-vertical-unset\" id=\"wp-block-themeisle-blocks-advanced-columns-4b44780c\" style=\"border-width:0px;border-style:solid;border-color:#000000;border-radius:0px;justify-content:unset\"><div class=\"wp-themeisle-block-overlay\" style=\"opacity:0.5;mix-blend-mode:normal\"><\/div><div class=\"innerblocks-wrap\"><\/div><\/div>\n","protected":false},"excerpt":{"rendered":"","protected":false},"author":1,"featured_media":6139,"parent":0,"menu_order":0,"comment_status":"closed","ping_status":"closed","template":"","meta":{"neve_meta_sidebar":"","neve_meta_container":"","neve_meta_enable_content_width":"","neve_meta_content_width":70,"neve_meta_title_alignment":"","neve_meta_author_avatar":"","neve_post_elements_order":"","neve_meta_disable_header":"","neve_meta_disable_footer":"","neve_meta_disable_title":"","_ti_tpc_template_sync":false,"_ti_tpc_template_id":"","footnotes":""},"class_list":["post-656","page","type-page","status-publish","has-post-thumbnail","hentry"],"yoast_head":"<!-- This site is optimized with the Yoast SEO plugin v21.1 - https:\/\/yoast.com\/wordpress\/plugins\/seo\/ -->\n<title>Not\u00edcias - Associa\u00e7\u00e3o Comercial e Industrial de F\u00e1tima do Sul<\/title>\n<meta name=\"robots\" content=\"index, follow, max-snippet:-1, max-image-preview:large, max-video-preview:-1\" \/>\n<link rel=\"canonical\" href=\"https:\/\/www.acifas.com.br\/?page_id=656\" \/>\n<meta property=\"og:locale\" content=\"pt_BR\" \/>\n<meta property=\"og:type\" content=\"article\" \/>\n<meta property=\"og:title\" content=\"Not\u00edcias - Associa\u00e7\u00e3o Comercial e Industrial de F\u00e1tima do Sul\" \/>\n<meta property=\"og:url\" content=\"https:\/\/www.acifas.com.br\/?page_id=656\" \/>\n<meta property=\"og:site_name\" content=\"Associa\u00e7\u00e3o Comercial e Industrial de F\u00e1tima do Sul\" \/>\n<meta property=\"article:publisher\" content=\"https:\/\/www.facebook.com\/acifas.fsul\" \/>\n<meta property=\"article:modified_time\" content=\"2024-04-30T18:08:27+00:00\" \/>\n<meta property=\"og:image\" content=\"https:\/\/www.acifas.com.br\/wp-content\/uploads\/2024\/04\/teste-1.jpg\" \/>\n\t<meta property=\"og:image:width\" content=\"1280\" \/>\n\t<meta property=\"og:image:height\" content=\"853\" \/>\n\t<meta property=\"og:image:type\" content=\"image\/jpeg\" \/>\n<meta name=\"twitter:card\" content=\"summary_large_image\" \/>\n<meta name=\"twitter:label1\" content=\"Est. tempo de leitura\" \/>\n\t<meta name=\"twitter:data1\" content=\"1 minuto\" \/>\n<script type=\"application\/ld+json\" class=\"yoast-schema-graph\">{\"@context\":\"https:\/\/schema.org\",\"@graph\":[{\"@type\":[\"WebPage\",\"CollectionPage\"],\"@id\":\"https:\/\/www.acifas.com.br\/?page_id=656\",\"url\":\"https:\/\/www.acifas.com.br\/?page_id=656\",\"name\":\"Not\u00edcias - Associa\u00e7\u00e3o Comercial e Industrial de F\u00e1tima do Sul\",\"isPartOf\":{\"@id\":\"https:\/\/www.acifas.com.br\/#website\"},\"datePublished\":\"2019-07-16T21:00:18+00:00\",\"dateModified\":\"2024-04-30T18:08:27+00:00\",\"breadcrumb\":{\"@id\":\"https:\/\/www.acifas.com.br\/?page_id=656#breadcrumb\"},\"inLanguage\":\"pt-BR\"},{\"@type\":\"BreadcrumbList\",\"@id\":\"https:\/\/www.acifas.com.br\/?page_id=656#breadcrumb\",\"itemListElement\":[{\"@type\":\"ListItem\",\"position\":1,\"name\":\"In\u00edcio\",\"item\":\"https:\/\/www.acifas.com.br\/\"},{\"@type\":\"ListItem\",\"position\":2,\"name\":\"Not\u00edcias\"}]},{\"@type\":\"WebSite\",\"@id\":\"https:\/\/www.acifas.com.br\/#website\",\"url\":\"https:\/\/www.acifas.com.br\/\",\"name\":\"Associa\u00e7\u00e3o Comercial e Industrial de F\u00e1tima do Sul\",\"description\":\"Associa\u00e7\u00e3o Comercial e Industrial de F\u00e1tima do Sul\",\"publisher\":{\"@id\":\"https:\/\/www.acifas.com.br\/#organization\"},\"potentialAction\":[{\"@type\":\"SearchAction\",\"target\":{\"@type\":\"EntryPoint\",\"urlTemplate\":\"https:\/\/www.acifas.com.br\/?s={search_term_string}\"},\"query-input\":\"required name=search_term_string\"}],\"inLanguage\":\"pt-BR\"},{\"@type\":\"Organization\",\"@id\":\"https:\/\/www.acifas.com.br\/#organization\",\"name\":\"ACIFAS\",\"url\":\"https:\/\/www.acifas.com.br\/\",\"logo\":{\"@type\":\"ImageObject\",\"inLanguage\":\"pt-BR\",\"@id\":\"https:\/\/www.acifas.com.br\/#\/schema\/logo\/image\/\",\"url\":\"https:\/\/www.acifas.com.br\/wp-content\/uploads\/2020\/12\/logoACIFAS.png\",\"contentUrl\":\"https:\/\/www.acifas.com.br\/wp-content\/uploads\/2020\/12\/logoACIFAS.png\",\"width\":176,\"height\":115,\"caption\":\"ACIFAS\"},\"image\":{\"@id\":\"https:\/\/www.acifas.com.br\/#\/schema\/logo\/image\/\"},\"sameAs\":[\"https:\/\/www.facebook.com\/acifas.fsul\"]}]}<\/script>\n<!-- \/ Yoast SEO plugin. -->","yoast_head_json":{"title":"Not\u00edcias - Associa\u00e7\u00e3o Comercial e Industrial de F\u00e1tima do Sul","robots":{"index":"index","follow":"follow","max-snippet":"max-snippet:-1","max-image-preview":"max-image-preview:large","max-video-preview":"max-video-preview:-1"},"canonical":"https:\/\/www.acifas.com.br\/?page_id=656","og_locale":"pt_BR","og_type":"article","og_title":"Not\u00edcias - Associa\u00e7\u00e3o Comercial e Industrial de F\u00e1tima do Sul","og_url":"https:\/\/www.acifas.com.br\/?page_id=656","og_site_name":"Associa\u00e7\u00e3o Comercial e Industrial de F\u00e1tima do Sul","article_publisher":"https:\/\/www.facebook.com\/acifas.fsul","article_modified_time":"2024-04-30T18:08:27+00:00","og_image":[{"width":1280,"height":853,"url":"https:\/\/www.acifas.com.br\/wp-content\/uploads\/2024\/04\/teste-1.jpg","type":"image\/jpeg"}],"twitter_card":"summary_large_image","twitter_misc":{"Est. tempo de leitura":"1 minuto"},"schema":{"@context":"https:\/\/schema.org","@graph":[{"@type":["WebPage","CollectionPage"],"@id":"https:\/\/www.acifas.com.br\/?page_id=656","url":"https:\/\/www.acifas.com.br\/?page_id=656","name":"Not\u00edcias - Associa\u00e7\u00e3o Comercial e Industrial de F\u00e1tima do Sul","isPartOf":{"@id":"https:\/\/www.acifas.com.br\/#website"},"datePublished":"2019-07-16T21:00:18+00:00","dateModified":"2024-04-30T18:08:27+00:00","breadcrumb":{"@id":"https:\/\/www.acifas.com.br\/?page_id=656#breadcrumb"},"inLanguage":"pt-BR"},{"@type":"BreadcrumbList","@id":"https:\/\/www.acifas.com.br\/?page_id=656#breadcrumb","itemListElement":[{"@type":"ListItem","position":1,"name":"In\u00edcio","item":"https:\/\/www.acifas.com.br\/"},{"@type":"ListItem","position":2,"name":"Not\u00edcias"}]},{"@type":"WebSite","@id":"https:\/\/www.acifas.com.br\/#website","url":"https:\/\/www.acifas.com.br\/","name":"Associa\u00e7\u00e3o Comercial e Industrial de F\u00e1tima do Sul","description":"Associa\u00e7\u00e3o Comercial e Industrial de F\u00e1tima do Sul","publisher":{"@id":"https:\/\/www.acifas.com.br\/#organization"},"potentialAction":[{"@type":"SearchAction","target":{"@type":"EntryPoint","urlTemplate":"https:\/\/www.acifas.com.br\/?s={search_term_string}"},"query-input":"required name=search_term_string"}],"inLanguage":"pt-BR"},{"@type":"Organization","@id":"https:\/\/www.acifas.com.br\/#organization","name":"ACIFAS","url":"https:\/\/www.acifas.com.br\/","logo":{"@type":"ImageObject","inLanguage":"pt-BR","@id":"https:\/\/www.acifas.com.br\/#\/schema\/logo\/image\/","url":"https:\/\/www.acifas.com.br\/wp-content\/uploads\/2020\/12\/logoACIFAS.png","contentUrl":"https:\/\/www.acifas.com.br\/wp-content\/uploads\/2020\/12\/logoACIFAS.png","width":176,"height":115,"caption":"ACIFAS"},"image":{"@id":"https:\/\/www.acifas.com.br\/#\/schema\/logo\/image\/"},"sameAs":["https:\/\/www.facebook.com\/acifas.fsul"]}]}},"_links":{"self":[{"href":"https:\/\/www.acifas.com.br\/index.php?rest_route=\/wp\/v2\/pages\/656","targetHints":{"allow":["GET"]}}],"collection":[{"href":"https:\/\/www.acifas.com.br\/index.php?rest_route=\/wp\/v2\/pages"}],"about":[{"href":"https:\/\/www.acifas.com.br\/index.php?rest_route=\/wp\/v2\/types\/page"}],"author":[{"embeddable":true,"href":"https:\/\/www.acifas.com.br\/index.php?rest_route=\/wp\/v2\/users\/1"}],"replies":[{"embeddable":true,"href":"https:\/\/www.acifas.com.br\/index.php?rest_route=%2Fwp%2Fv2%2Fcomments&post=656"}],"version-history":[{"count":1,"href":"https:\/\/www.acifas.com.br\/index.php?rest_route=\/wp\/v2\/pages\/656\/revisions"}],"predecessor-version":[{"id":701,"href":"https:\/\/www.acifas.com.br\/index.php?rest_route=\/wp\/v2\/pages\/656\/revisions\/701"}],"wp:featuredmedia":[{"embeddable":true,"href":"https:\/\/www.acifas.com.br\/index.php?rest_route=\/wp\/v2\/media\/6139"}],"wp:attachment":[{"href":"https:\/\/www.acifas.com.br\/index.php?rest_route=%2Fwp%2Fv2%2Fmedia&parent=656"}],"curies":[{"name":"wp","href":"https:\/\/api.w.org\/{rel}","templated":true}]}}